{"id":87,"date":"2024-10-27T22:59:25","date_gmt":"2024-10-27T21:59:25","guid":{"rendered":"https:\/\/matduch.pl\/?page_id=87"},"modified":"2024-10-28T14:05:44","modified_gmt":"2024-10-28T13:05:44","slug":"o-firmie","status":"publish","type":"page","link":"https:\/\/matduch.pl\/?page_id=87","title":{"rendered":"O firmie"},"content":{"rendered":"\n<p class=\"has-text-color has-prata-regular-font-family\" style=\"color:#07277c;font-size:clamp(1.044rem, 1.044rem + ((1vw - 0.2rem) * 1.029), 1.61rem);font-style:normal;font-weight:600;line-height:1.4;text-transform:none\"><strong>O Nas<\/strong><\/p>\n\n\n\n<p>Witamy na stronie MAT DUCH! Jeste\u015bmy rodzinn\u0105 firm\u0105 z wieloletnim do\u015bwiadczeniem w bran\u017cy zarz\u0105dzania odpadami. Nasza misja to wspieranie przedsi\u0119biorc\u00f3w i wytw\u00f3rc\u00f3w w odpowiedzialnym gospodarowaniu odpadami, oferuj\u0105c kompleksowe us\u0142ugi odbioru i transportu.<\/p>\n\n\n\n<p class=\"has-text-color has-prata-regular-font-family\" style=\"color:#07277c;font-size:clamp(1.044rem, 1.044rem + ((1vw - 0.2rem) * 1.029), 1.61rem);font-style:normal;font-weight:600;line-height:1.4;text-transform:none\"><strong>Nasze Us\u0142ugi<\/strong><\/p>\n\n\n\n<p>Oferujemy profesjonalny odbi\u00f3r i transport odpad\u00f3w, dostosowany do indywidualnych potrzeb naszych klient\u00f3w. Specjalizujemy si\u0119 w:<\/p>\n\n\n\n<ul class=\"wp-block-list\">\n<li>Odbiorze odpad\u00f3w przemys\u0142owych<\/li>\n\n\n\n<li>Odbiorze odpad\u00f3w od przedsi\u0119biorc\u00f3w<\/li>\n\n\n\n<li>Transportowaniu odpad\u00f3w<\/li>\n\n\n\n<li>Doradztwie w zakresie gospodarki odpadami<\/li>\n<\/ul>\n\n\n\n<p class=\"has-text-color has-prata-regular-font-family\" style=\"color:#07277c;font-size:clamp(1.044rem, 1.044rem + ((1vw - 0.2rem) * 1.029), 1.61rem);font-style:normal;font-weight:600;line-height:1.4;text-transform:none\"><strong>Dlaczego My?<\/strong><\/p>\n\n\n\n<p><strong>Do\u015bwiadczenie<\/strong>: Jako rodzinna firma, dzia\u0142amy na rynku od 2004 roku i znamy potrzeby naszych klient\u00f3w.<\/p>\n\n\n\n<p><strong>Profesjonalizm<\/strong>: Nasi pracownicy to wykwalifikowani specjali\u015bci, kt\u00f3rzy dbaj\u0105 o ka\u017cdy detal, zapewniaj\u0105c rzetelny i terminowy odbi\u00f3r.<\/p>\n\n\n\n<p><strong>Ekologia<\/strong>: W trosce o nasz\u0105 planet\u0119, promujemy odpowiedzialne gospodarowanie odpadami i wsp\u00f3\u0142pracujemy z lokalnymi instytucjami recyklingowymi.<\/p>\n\n\n\n<p class=\"has-text-color has-prata-regular-font-family\" style=\"color:#07277c;font-size:clamp(1.044rem, 1.044rem + ((1vw - 0.2rem) * 1.029), 1.61rem);font-style:normal;font-weight:600;line-height:1.4;text-transform:none\"><strong>Skontaktuj si\u0119 z Nami<\/strong><\/p>\n\n\n\n<p>Zach\u0119camy do kontaktu, aby dowiedzie\u0107 si\u0119 wi\u0119cej o naszych us\u0142ugach i otrzyma\u0107 indywidualn\u0105 ofert\u0119. Jeste\u015bmy tu, aby pom\u00f3c w efektywnym zarz\u0105dzaniu odpadami w Twojej firmie.<\/p>\n","protected":false},"excerpt":{"rendered":"<p>O Nas Witamy na stronie MAT DUCH! Jeste\u015bmy rodzinn\u0105 firm\u0105 z wieloletnim do\u015bwiadczeniem w bran\u017cy zarz\u0105dzania odpadami. Nasza misja to wspieranie przedsi\u0119biorc\u00f3w i wytw\u00f3rc\u00f3w w odpowiedzialnym gospodarowaniu odpadami, oferuj\u0105c kompleksowe us\u0142ugi odbioru i transportu. Nasze Us\u0142ugi Oferujemy profesjonalny odbi\u00f3r i transport odpad\u00f3w, dostosowany do indywidualnych potrzeb naszych klient\u00f3w. Specjalizujemy si\u0119 w: Dlaczego My? Do\u015bwiadczenie: Jako [&hellip;]<\/p>\n","protected":false},"author":1,"featured_media":0,"parent":0,"menu_order":0,"comment_status":"closed","ping_status":"closed","template":"","meta":{"footnotes":""},"class_list":["post-87","page","type-page","status-publish","hentry"],"_links":{"self":[{"href":"https:\/\/matduch.pl\/index.php?rest_route=\/wp\/v2\/pages\/87","targetHints":{"allow":["GET"]}}],"collection":[{"href":"https:\/\/matduch.pl\/index.php?rest_route=\/wp\/v2\/pages"}],"about":[{"href":"https:\/\/matduch.pl\/index.php?rest_route=\/wp\/v2\/types\/page"}],"author":[{"embeddable":true,"href":"https:\/\/matduch.pl\/index.php?rest_route=\/wp\/v2\/users\/1"}],"replies":[{"embeddable":true,"href":"https:\/\/matduch.pl\/index.php?rest_route=%2Fwp%2Fv2%2Fcomments&post=87"}],"version-history":[{"count":3,"href":"https:\/\/matduch.pl\/index.php?rest_route=\/wp\/v2\/pages\/87\/revisions"}],"predecessor-version":[{"id":130,"href":"https:\/\/matduch.pl\/index.php?rest_route=\/wp\/v2\/pages\/87\/revisions\/130"}],"wp:attachment":[{"href":"https:\/\/matduch.pl\/index.php?rest_route=%2Fwp%2Fv2%2Fmedia&parent=87"}],"curies":[{"name":"wp","href":"https:\/\/api.w.org\/{rel}","templated":true}]}}